{"id":667,"date":"2019-11-18T13:33:16","date_gmt":"2019-11-18T13:33:16","guid":{"rendered":"http:\/\/orvos-nemetorszagban.hu\/?page_id=667"},"modified":"2020-03-29T19:23:11","modified_gmt":"2020-03-29T17:23:11","slug":"667-2","status":"publish","type":"page","link":"https:\/\/mta-mfa-vermittlung.de\/index.php\/667-2\/","title":{"rendered":"Der Vermittlungsprozess"},"content":{"rendered":"\n<p style=\"font-size:19px\" class=\"has-text-color has-vivid-red-color\"><strong>Wir vermitteln Bewerber sowohl f\u00fcr Arbeits- als auch f\u00fcr Ausbildungspl\u00e4tze in Kliniken und Arztpraxen.<\/strong><\/p>\n\n\n\n<p style=\"font-size:19px\" class=\"has-text-color has-very-dark-gray-color\">Die Etappen des Vermittlungsprozesses beinhalten:<\/p>\n\n\n\n<ul class=\"wp-block-list\"><li>Die Identifizierung qualifizierter Bewerber in allen Bereichen der Medizinisch-Technischen-Assistenten und Medizinischer Fachangestellten sowie Krankenpflege in Osteuropa &nbsp;und in den Republiken der ehemaligen Sowjetunion<\/li><\/ul>\n\n\n\n<ul class=\"wp-block-list\"><li>Die Vorauswahl der Bewerber im Ausland. Herbei differenzieren wir zwischen Bewerbern mit Diplomen und Berufserfahrung und Bewerbern mit dem Wunsch f\u00fcr einen Ausbildungsplatz in Ihrer Klinik bzw. Arztpraxis &nbsp;<\/li><\/ul>\n\n\n\n<ul class=\"wp-block-list\"><li>Die Sicherstellung der erforderlichen Deutschkenntnisse der Bewerber &nbsp;<\/li><\/ul>\n\n\n\n<ul class=\"wp-block-list\"><li>Die Vorstellung der Bewerber bei Ihrer Institution. In der gegenw\u00e4rtigen au\u00dferordentlichen Situation k\u00f6nnen wir ein Vorstellungsgespr\u00e4ch auch durch eine kostenlose SKYPE-Videokonferenz organisieren<\/li><\/ul>\n\n\n\n<ul class=\"wp-block-list\"><li>Die Beschaffung der erforderlichen Einreisedokumente nach Deutschland &nbsp;<\/li><\/ul>\n\n\n\n<ul class=\"wp-block-list\"><li>Die Unterst\u00fctzung der Bewerber bei der Anerkennung Ihres Diploms sowie bei der Erlangung von Visa, Berufs-, Ausbildungs- und Arbeitserlaubnissen bis zum Arbeits- bzw. Ausbildungsantritt.<\/li><\/ul>\n\n\n\n<h3 class=\"wp-block-heading\"><a href=\"https:\/\/mta-mfa-vermittlung.de\/index.php\/adresse-telefon-e-mail\/\">Kontakt &#8211;  Adresse Telefon E-Mail <\/a><\/h3>\n\n\n\n<p><\/p>\n","protected":false},"excerpt":{"rendered":"<p>Wir vermitteln Bewerber sowohl f\u00fcr Arbeits- als auch f\u00fcr Ausbildungspl\u00e4tze in Kliniken und Arztpraxen. Die Etappen des Vermittlungsprozesses beinhalten: Die Identifizierung qualifizierter Bewerber in allen Bereichen der Medizinisch-Technischen-Assistenten und Medizinischer Fachangestellten sowie Krankenpflege in Osteuropa &nbsp;und in den Republiken der ehemaligen Sowjetunion Die Vorauswahl der Bewerber im Ausland. Herbei differenzieren wir zwischen Bewerbern mit Diplomen &#8230; <a title=\"Der Vermittlungsprozess\" class=\"read-more\" href=\"https:\/\/mta-mfa-vermittlung.de\/index.php\/667-2\/\">Read more <span class=\"screen-reader-text\">Der Vermittlungsprozess<\/span><\/a><\/p>\n","protected":false},"author":1,"featured_media":0,"parent":0,"menu_order":0,"comment_status":"closed","ping_status":"closed","template":"","meta":{"footnotes":""},"class_list":["post-667","page","type-page","status-publish"],"_links":{"self":[{"href":"https:\/\/mta-mfa-vermittlung.de\/index.php\/wp-json\/wp\/v2\/pages\/667","targetHints":{"allow":["GET"]}}],"collection":[{"href":"https:\/\/mta-mfa-vermittlung.de\/index.php\/wp-json\/wp\/v2\/pages"}],"about":[{"href":"https:\/\/mta-mfa-vermittlung.de\/index.php\/wp-json\/wp\/v2\/types\/page"}],"author":[{"embeddable":true,"href":"https:\/\/mta-mfa-vermittlung.de\/index.php\/wp-json\/wp\/v2\/users\/1"}],"replies":[{"embeddable":true,"href":"https:\/\/mta-mfa-vermittlung.de\/index.php\/wp-json\/wp\/v2\/comments?post=667"}],"version-history":[{"count":14,"href":"https:\/\/mta-mfa-vermittlung.de\/index.php\/wp-json\/wp\/v2\/pages\/667\/revisions"}],"predecessor-version":[{"id":1009,"href":"https:\/\/mta-mfa-vermittlung.de\/index.php\/wp-json\/wp\/v2\/pages\/667\/revisions\/1009"}],"wp:attachment":[{"href":"https:\/\/mta-mfa-vermittlung.de\/index.php\/wp-json\/wp\/v2\/media?parent=667"}],"curies":[{"name":"wp","href":"https:\/\/api.w.org\/{rel}","templated":true}]}}