{"id":628,"date":"2019-05-22T08:42:09","date_gmt":"2019-05-22T08:42:09","guid":{"rendered":"http:\/\/betreuung-und-mehr.de\/?page_id=30"},"modified":"2020-03-27T20:36:48","modified_gmt":"2020-03-27T19:36:48","slug":"kontaktformular","status":"publish","type":"page","link":"https:\/\/mta-mfa-vermittlung.de\/index.php\/kontaktformular\/","title":{"rendered":"Kontaktformular"},"content":{"rendered":"\n<p style=\"font-size:19px\">Sie k\u00f6nnen sich bei uns mit einer Mail aus Ihrem Mailprogramm auf unsere Mailadresse<br>melden.<\/p>\n\n\n<p><a href=\"mailto:info@interreg-consult.de\">info@interreg-consult.de<\/a><\/p>\n\n\n\n<p style=\"font-size:19px\">Daneben haben Sie die M\u00f6glichkeit dieses Kontaktformular an uns zu senden. Wir rufen Sie umgehend zur\u00fcck.  <\/p>\n\n\n\n<p><\/p>\n\n\n\n\n<div class=\"wpcf7 no-js\" id=\"wpcf7-f825-o1\" lang=\"en-US\" dir=\"ltr\" data-wpcf7-id=\"825\">\n<div class=\"screen-reader-response\"><p role=\"status\" aria-live=\"polite\" aria-atomic=\"true\"><\/p> <ul><\/ul><\/div>\n<form action=\"\/index.php\/wp-json\/wp\/v2\/pages\/628#wpcf7-f825-o1\" method=\"post\" class=\"wpcf7-form init\" aria-label=\"Contact form\" novalidate=\"novalidate\" data-status=\"init\">\n<fieldset class=\"hidden-fields-container\"><input type=\"hidden\" name=\"_wpcf7\" value=\"825\" \/><input type=\"hidden\" name=\"_wpcf7_version\" value=\"6.1.5\" \/><input type=\"hidden\" name=\"_wpcf7_locale\" value=\"en_US\" \/><input type=\"hidden\" name=\"_wpcf7_unit_tag\" value=\"wpcf7-f825-o1\" \/><input type=\"hidden\" name=\"_wpcf7_container_post\" value=\"0\" \/><input type=\"hidden\" name=\"_wpcf7_posted_data_hash\" value=\"\" \/>\n<\/fieldset>\n<p><label> Name* <span class=\"wpcf7-form-control-wrap\" data-name=\"your-name\"><input size=\"20\" maxlength=\"100\" class=\"wpcf7-form-control wpcf7-text wpcf7-validates-as-required\" aria-required=\"true\" aria-invalid=\"false\" value=\"\" type=\"text\" name=\"your-name\" \/><\/span> <\/label><label> Vorname* <span class=\"wpcf7-form-control-wrap\" data-name=\"your-vorname\"><input size=\"20\" maxlength=\"100\" class=\"wpcf7-form-control wpcf7-text wpcf7-validates-as-required\" aria-required=\"true\" aria-invalid=\"false\" value=\"\" type=\"text\" name=\"your-vorname\" \/><\/span> <\/label>\n<\/p>\n<p><label> Email* <span class=\"wpcf7-form-control-wrap\" data-name=\"your-email\"><input size=\"20\" maxlength=\"100\" class=\"wpcf7-form-control wpcf7-email wpcf7-validates-as-required wpcf7-text wpcf7-validates-as-email\" aria-required=\"true\" aria-invalid=\"false\" value=\"\" type=\"email\" name=\"your-email\" \/><\/span> <\/label><label> Telefon* <span class=\"wpcf7-form-control-wrap\" data-name=\"Telefon\"><input size=\"20\" maxlength=\"100\" class=\"wpcf7-form-control wpcf7-text wpcf7-validates-as-required\" aria-required=\"true\" aria-invalid=\"false\" value=\"\" type=\"text\" name=\"Telefon\" \/><\/span> <\/label>\n<\/p>\n<p><label> Stra\u00dfe Nr* <span class=\"wpcf7-form-control-wrap\" data-name=\"StraBeNr\"><input size=\"20\" maxlength=\"100\" class=\"wpcf7-form-control wpcf7-text wpcf7-validates-as-required\" aria-required=\"true\" aria-invalid=\"false\" value=\"\" type=\"text\" name=\"StraBeNr\" \/><\/span> <\/label><label> PLZ, Ort* <span class=\"wpcf7-form-control-wrap\" data-name=\"PLZOrt\"><input size=\"20\" maxlength=\"100\" class=\"wpcf7-form-control wpcf7-text wpcf7-validates-as-required\" aria-required=\"true\" aria-invalid=\"false\" value=\"\" type=\"text\" name=\"PLZOrt\" \/><\/span> <\/label>\n<\/p>\n<p><label> Nachricht<br \/>\n<span class=\"wpcf7-form-control-wrap\" data-name=\"Nachricht\"><textarea cols=\"40\" rows=\"10\" maxlength=\"300\" class=\"wpcf7-form-control wpcf7-textarea\" aria-invalid=\"false\" name=\"Nachricht\"><\/textarea><\/span> <\/label>\n<\/p>\n<p><input class=\"wpcf7-form-control wpcf7-submit has-spinner\" type=\"submit\" value=\"Senden\" \/>\n<\/p><div class=\"wpcf7-response-output\" aria-hidden=\"true\"><\/div>\n<\/form>\n<\/div>\n\n\n\n\n<p><\/p>\n\n\n\n<p style=\"color:#000000;font-size:19px\" class=\"has-text-color\">Mit * gekennzeichnete Felder bitten wir Sie unbedingt auszuf\u00fcllen damit wir Sie kontaktieren k\u00f6nnen.<br>Nach Senden erhalten Sie automatisch eine Kopie Ihrer Mail auf die angegebene eigene Mailadresse.<\/p>\n\n\n\n<h3 class=\"wp-block-heading\"><\/h3>\n","protected":false},"excerpt":{"rendered":"<p>Sie k\u00f6nnen sich bei uns mit einer Mail aus Ihrem Mailprogramm auf unsere Mailadressemelden. Daneben haben Sie die M\u00f6glichkeit dieses Kontaktformular an uns zu senden. Wir rufen Sie umgehend zur\u00fcck. Mit * gekennzeichnete Felder bitten wir Sie unbedingt auszuf\u00fcllen damit wir Sie kontaktieren k\u00f6nnen.Nach Senden erhalten Sie automatisch eine Kopie Ihrer Mail auf die angegebene &#8230; <a title=\"Kontaktformular\" class=\"read-more\" href=\"https:\/\/mta-mfa-vermittlung.de\/index.php\/kontaktformular\/\">Read more <span class=\"screen-reader-text\">Kontaktformular<\/span><\/a><\/p>\n","protected":false},"author":1,"featured_media":0,"parent":0,"menu_order":0,"comment_status":"closed","ping_status":"closed","template":"","meta":{"footnotes":""},"class_list":["post-628","page","type-page","status-publish"],"_links":{"self":[{"href":"https:\/\/mta-mfa-vermittlung.de\/index.php\/wp-json\/wp\/v2\/pages\/628","targetHints":{"allow":["GET"]}}],"collection":[{"href":"https:\/\/mta-mfa-vermittlung.de\/index.php\/wp-json\/wp\/v2\/pages"}],"about":[{"href":"https:\/\/mta-mfa-vermittlung.de\/index.php\/wp-json\/wp\/v2\/types\/page"}],"author":[{"embeddable":true,"href":"https:\/\/mta-mfa-vermittlung.de\/index.php\/wp-json\/wp\/v2\/users\/1"}],"replies":[{"embeddable":true,"href":"https:\/\/mta-mfa-vermittlung.de\/index.php\/wp-json\/wp\/v2\/comments?post=628"}],"version-history":[{"count":1,"href":"https:\/\/mta-mfa-vermittlung.de\/index.php\/wp-json\/wp\/v2\/pages\/628\/revisions"}],"predecessor-version":[{"id":983,"href":"https:\/\/mta-mfa-vermittlung.de\/index.php\/wp-json\/wp\/v2\/pages\/628\/revisions\/983"}],"wp:attachment":[{"href":"https:\/\/mta-mfa-vermittlung.de\/index.php\/wp-json\/wp\/v2\/media?parent=628"}],"curies":[{"name":"wp","href":"https:\/\/api.w.org\/{rel}","templated":true}]}}